{"id":635,"date":"2019-06-18T14:22:01","date_gmt":"2019-06-18T12:22:01","guid":{"rendered":"https:\/\/timpetools.de\/analyse-und-beratung-copy\/"},"modified":"2019-11-27T08:42:11","modified_gmt":"2019-11-27T07:42:11","slug":"individuelle-auftragsprogrammierung","status":"publish","type":"page","link":"https:\/\/timpetools.de\/en\/individuelle-auftragsprogrammierung\/","title":{"rendered":"Individual Job Programming"},"content":{"rendered":"<div data-elementor-type=\"wp-post\" data-elementor-id=\"635\" class=\"elementor elementor-635\">\n\t\t\t\t\t\t<section class=\"elementor-section elementor-top-section elementor-element elementor-element-4b9693d elementor-section-height-min-height elementor-section-content-middle elementor-hidden-tablet elementor-hidden-phone elementor-section-boxed elementor-section-height-default elementor-section-items-middle exad-glass-effect-no exad-sticky-section-no\" data-id=\"4b9693d\" data-element_type=\"section\" data-settings=\"{&quot;jet_parallax_layout_list&quot;:[{&quot;jet_parallax_layout_image&quot;:{&quot;url&quot;:&quot;&quot;,&quot;id&quot;:&quot;&quot;,&quot;size&quot;:&quot;&quot;},&quot;_id&quot;:&quot;652ab63&quot;,&quot;jet_parallax_layout_speed&quot;:{&quot;unit&quot;:&quot;%&quot;,&quot;size&quot;:50,&quot;sizes&quot;:[]},&quot;jet_parallax_layout_type&quot;:&quot;scroll&quot;,&quot;jet_parallax_layout_z_index&quot;:&quot;&quot;,&quot;jet_parallax_layout_bg_x&quot;:50,&quot;jet_parallax_layout_bg_y&quot;:50,&quot;jet_parallax_layout_bg_size&quot;:&quot;auto&quot;,&quot;jet_parallax_layout_animation_prop&quot;:&quot;transform&quot;,&quot;jet_parallax_layout_on&quot;:[&quot;desktop&quot;,&quot;tablet&quot;],&quot;jet_parallax_layout_image_tablet&quot;:{&quot;url&quot;:&quot;&quot;,&quot;id&quot;:&quot;&quot;,&quot;size&quot;:&quot;&quot;},&quot;jet_parallax_layout_image_mobile&quot;:{&quot;url&quot;:&quot;&quot;,&quot;id&quot;:&quot;&quot;,&quot;size&quot;:&quot;&quot;},&quot;jet_parallax_layout_direction&quot;:null,&quot;jet_parallax_layout_fx_direction&quot;:null,&quot;jet_parallax_layout_bg_x_tablet&quot;:&quot;&quot;,&quot;jet_parallax_layout_bg_x_mobile&quot;:&quot;&quot;,&quot;jet_parallax_layout_bg_y_tablet&quot;:&quot;&quot;,&quot;jet_parallax_layout_bg_y_mobile&quot;:&quot;&quot;,&quot;jet_parallax_layout_bg_size_tablet&quot;:&quot;&quot;,&quot;jet_parallax_layout_bg_size_mobile&quot;:&quot;&quot;}],&quot;background_background&quot;:&quot;classic&quot;}\">\n\t\t\t\t\t\t\t<div class=\"elementor-background-overlay\"><\/div>\n\t\t\t\t\t\t\t<div class=\"elementor-container elementor-column-gap-default\">\n\t\t\t\t\t<div class=\"elementor-column elementor-col-100 elementor-top-column elementor-element elementor-element-22ade91 exad-glass-effect-no exad-sticky-section-no\" data-id=\"22ade91\" data-element_type=\"column\">\n\t\t\t<div class=\"elementor-widget-wrap\">\n\t\t\t\t\t\t\t<\/div>\n\t\t<\/div>\n\t\t\t\t\t<\/div>\n\t\t<\/section>\n\t\t\t\t<section class=\"elementor-section elementor-top-section elementor-element elementor-element-d587dd7 elementor-section-boxed elementor-section-height-default elementor-section-height-default exad-glass-effect-no exad-sticky-section-no\" data-id=\"d587dd7\" data-element_type=\"section\" data-settings=\"{&quot;background_background&quot;:&quot;classic&quot;,&quot;jet_parallax_layout_list&quot;:[{&quot;jet_parallax_layout_image&quot;:{&quot;url&quot;:&quot;&quot;,&quot;id&quot;:&quot;&quot;,&quot;size&quot;:&quot;&quot;},&quot;_id&quot;:&quot;18c1153&quot;,&quot;jet_parallax_layout_image_tablet&quot;:{&quot;url&quot;:&quot;&quot;,&quot;id&quot;:&quot;&quot;,&quot;size&quot;:&quot;&quot;},&quot;jet_parallax_layout_image_mobile&quot;:{&quot;url&quot;:&quot;&quot;,&quot;id&quot;:&quot;&quot;,&quot;size&quot;:&quot;&quot;},&quot;jet_parallax_layout_speed&quot;:{&quot;unit&quot;:&quot;%&quot;,&quot;size&quot;:50,&quot;sizes&quot;:[]},&quot;jet_parallax_layout_type&quot;:&quot;scroll&quot;,&quot;jet_parallax_layout_z_index&quot;:&quot;&quot;,&quot;jet_parallax_layout_bg_x&quot;:50,&quot;jet_parallax_layout_bg_y&quot;:50,&quot;jet_parallax_layout_bg_size&quot;:&quot;auto&quot;,&quot;jet_parallax_layout_animation_prop&quot;:&quot;transform&quot;,&quot;jet_parallax_layout_on&quot;:[&quot;desktop&quot;,&quot;tablet&quot;],&quot;jet_parallax_layout_direction&quot;:null,&quot;jet_parallax_layout_fx_direction&quot;:null,&quot;jet_parallax_layout_bg_x_tablet&quot;:&quot;&quot;,&quot;jet_parallax_layout_bg_x_mobile&quot;:&quot;&quot;,&quot;jet_parallax_layout_bg_y_tablet&quot;:&quot;&quot;,&quot;jet_parallax_layout_bg_y_mobile&quot;:&quot;&quot;,&quot;jet_parallax_layout_bg_size_tablet&quot;:&quot;&quot;,&quot;jet_parallax_layout_bg_size_mobile&quot;:&quot;&quot;}]}\">\n\t\t\t\t\t\t<div class=\"elementor-container elementor-column-gap-default\">\n\t\t\t\t\t<div class=\"elementor-column elementor-col-100 elementor-top-column elementor-element elementor-element-d443dd7 exad-glass-effect-no exad-sticky-section-no\" data-id=\"d443dd7\" data-element_type=\"column\">\n\t\t\t<div class=\"elementor-widget-wrap elementor-element-populated\">\n\t\t\t\t\t\t<div class=\"elementor-element elementor-element-0ef7aba exad-sticky-section-no exad-glass-effect-no elementor-widget elementor-widget-heading\" data-id=\"0ef7aba\" data-element_type=\"widget\" data-widget_type=\"heading.default\">\n\t\t\t\t<div class=\"elementor-widget-container\">\n\t\t\t\t\t<h2 class=\"elementor-heading-title elementor-size-default\">Order programming according to your requirements<\/h2>\t\t\t\t<\/div>\n\t\t\t\t<\/div>\n\t\t\t\t<div class=\"elementor-element elementor-element-54ff877 exad-sticky-section-no exad-glass-effect-no elementor-widget elementor-widget-text-editor\" data-id=\"54ff877\" data-element_type=\"widget\" data-widget_type=\"text-editor.default\">\n\t\t\t\t<div class=\"elementor-widget-container\">\n\t\t\t\t\t\t\t\t\t<p>In most cases, individual order programming means higher costs than with standard software. That's why you should check whether a proven standard product can sufficiently map your own processes. But that is not always enough.<\/p><p>Especially if you want to stand out in the market and need special functions, individual order programming is the right choice. Then we are your contact! We would be happy to consider together with you how we can best support your processes with individual digital tools.<\/p><p>One of our strengths: automated conversion of large amounts of data for interfaces. When transferring data via an interface, data must be converted into a different format in order to be processed further. For large amounts of data or recurring conversions, we can support you with a specially created converter.<\/p>\t\t\t\t\t\t\t\t<\/div>\n\t\t\t\t<\/div>\n\t\t\t\t\t<\/div>\n\t\t<\/div>\n\t\t\t\t\t<\/div>\n\t\t<\/section>\n\t\t\t\t<section class=\"elementor-section elementor-top-section elementor-element elementor-element-75095791 elementor-section-boxed elementor-section-height-default elementor-section-height-default exad-glass-effect-no exad-sticky-section-no\" data-id=\"75095791\" data-element_type=\"section\" data-settings=\"{&quot;background_background&quot;:&quot;classic&quot;,&quot;jet_parallax_layout_list&quot;:[{&quot;jet_parallax_layout_image&quot;:{&quot;url&quot;:&quot;&quot;,&quot;id&quot;:&quot;&quot;,&quot;size&quot;:&quot;&quot;},&quot;_id&quot;:&quot;858aff2&quot;,&quot;jet_parallax_layout_image_tablet&quot;:{&quot;url&quot;:&quot;&quot;,&quot;id&quot;:&quot;&quot;,&quot;size&quot;:&quot;&quot;},&quot;jet_parallax_layout_image_mobile&quot;:{&quot;url&quot;:&quot;&quot;,&quot;id&quot;:&quot;&quot;,&quot;size&quot;:&quot;&quot;},&quot;jet_parallax_layout_speed&quot;:{&quot;unit&quot;:&quot;%&quot;,&quot;size&quot;:50,&quot;sizes&quot;:[]},&quot;jet_parallax_layout_type&quot;:&quot;scroll&quot;,&quot;jet_parallax_layout_z_index&quot;:&quot;&quot;,&quot;jet_parallax_layout_bg_x&quot;:50,&quot;jet_parallax_layout_bg_y&quot;:50,&quot;jet_parallax_layout_bg_size&quot;:&quot;auto&quot;,&quot;jet_parallax_layout_animation_prop&quot;:&quot;transform&quot;,&quot;jet_parallax_layout_on&quot;:[&quot;desktop&quot;,&quot;tablet&quot;],&quot;jet_parallax_layout_direction&quot;:null,&quot;jet_parallax_layout_fx_direction&quot;:null,&quot;jet_parallax_layout_bg_x_tablet&quot;:&quot;&quot;,&quot;jet_parallax_layout_bg_x_mobile&quot;:&quot;&quot;,&quot;jet_parallax_layout_bg_y_tablet&quot;:&quot;&quot;,&quot;jet_parallax_layout_bg_y_mobile&quot;:&quot;&quot;,&quot;jet_parallax_layout_bg_size_tablet&quot;:&quot;&quot;,&quot;jet_parallax_layout_bg_size_mobile&quot;:&quot;&quot;}]}\">\n\t\t\t\t\t\t<div class=\"elementor-container elementor-column-gap-default\">\n\t\t\t\t\t<div class=\"elementor-column elementor-col-100 elementor-top-column elementor-element elementor-element-97c10ed exad-glass-effect-no exad-sticky-section-no\" data-id=\"97c10ed\" data-element_type=\"column\">\n\t\t\t<div class=\"elementor-widget-wrap elementor-element-populated\">\n\t\t\t\t\t\t<div class=\"elementor-element elementor-element-744a04cb exad-sticky-section-no exad-glass-effect-no elementor-widget elementor-widget-heading\" data-id=\"744a04cb\" data-element_type=\"widget\" data-widget_type=\"heading.default\">\n\t\t\t\t<div class=\"elementor-widget-container\">\n\t\t\t\t\t<h2 class=\"elementor-heading-title elementor-size-default\">Further information<\/h2>\t\t\t\t<\/div>\n\t\t\t\t<\/div>\n\t\t\t\t<div class=\"elementor-element elementor-element-17611d64 exad-sticky-section-no exad-glass-effect-no elementor-widget elementor-widget-text-editor\" data-id=\"17611d64\" data-element_type=\"widget\" data-widget_type=\"text-editor.default\">\n\t\t\t\t<div class=\"elementor-widget-container\">\n\t\t\t\t\t\t\t\t\tAre you interested in our customised order programming? Then send us your enquiry via the contact form. We look forward to meeting you in person.\t\t\t\t\t\t\t\t<\/div>\n\t\t\t\t<\/div>\n\t\t\t\t<div class=\"elementor-element elementor-element-c88402b tt-button elementor-tablet-align-center elementor-mobile-align-center exad-sticky-section-no exad-glass-effect-no elementor-widget elementor-widget-button\" data-id=\"c88402b\" data-element_type=\"widget\" data-widget_type=\"button.default\">\n\t\t\t\t<div class=\"elementor-widget-container\">\n\t\t\t\t\t\t\t\t\t<div class=\"elementor-button-wrapper\">\n\t\t\t\t\t<a class=\"elementor-button elementor-button-link elementor-size-sm\" href=\"https:\/\/timpetools.de\/en\/kontakt\/\">\n\t\t\t\t\t\t<span class=\"elementor-button-content-wrapper\">\n\t\t\t\t\t\t\t\t\t<span class=\"elementor-button-text\">to the contact form<\/span>\n\t\t\t\t\t<\/span>\n\t\t\t\t\t<\/a>\n\t\t\t\t<\/div>\n\t\t\t\t\t\t\t\t<\/div>\n\t\t\t\t<\/div>\n\t\t\t\t\t<\/div>\n\t\t<\/div>\n\t\t\t\t\t<\/div>\n\t\t<\/section>\n\t\t\t\t<\/div>","protected":false},"excerpt":{"rendered":"<p>Auftragsprogrammierung nach Ihren Anforderungen Individuelle Auftragsprogrammierung bedeutet in den meisten F\u00e4llen: h\u00f6here Kosten als bei einer Standardsoftware. Deswegen sollte man pr\u00fcfen, ob ein bew\u00e4hrtes Standardprodukt die eigenen Prozesse ausreichend abbilden kann. Aber das reicht nicht immer. Insbesondere dann, wenn man sich im Markt abheben m\u00f6chte und spezielle Funktionen ben\u00f6tigt, ist eine individuelle Auftragsprogrammierung die richtige [&hellip;]<\/p>","protected":false},"author":1,"featured_media":0,"parent":0,"menu_order":0,"comment_status":"closed","ping_status":"closed","template":"elementor_header_footer","meta":{"_acf_changed":false,"footnotes":""},"class_list":["post-635","page","type-page","status-publish","hentry"],"acf":[],"yoast_head":"<!-- This site is optimized with the Yoast SEO plugin v25.7 - https:\/\/yoast.com\/wordpress\/plugins\/seo\/ -->\n<title>Individuelle Auftragsprogrammierung - timpetools<\/title>\n<meta name=\"robots\" content=\"index, follow, max-snippet:-1, max-image-preview:large, max-video-preview:-1\" \/>\n<link rel=\"canonical\" href=\"https:\/\/timpetools.de\/en\/individuelle-auftragsprogrammierung\/\" \/>\n<meta property=\"og:locale\" content=\"en_GB\" \/>\n<meta property=\"og:type\" content=\"article\" \/>\n<meta property=\"og:title\" content=\"Individuelle Auftragsprogrammierung - timpetools\" \/>\n<meta property=\"og:description\" content=\"Auftragsprogrammierung nach Ihren Anforderungen Individuelle Auftragsprogrammierung bedeutet in den meisten F\u00e4llen: h\u00f6here Kosten als bei einer Standardsoftware. Deswegen sollte man pr\u00fcfen, ob ein bew\u00e4hrtes Standardprodukt die eigenen Prozesse ausreichend abbilden kann. Aber das reicht nicht immer. Insbesondere dann, wenn man sich im Markt abheben m\u00f6chte und spezielle Funktionen ben\u00f6tigt, ist eine individuelle Auftragsprogrammierung die richtige [&hellip;]\" \/>\n<meta property=\"og:url\" content=\"https:\/\/timpetools.de\/en\/individuelle-auftragsprogrammierung\/\" \/>\n<meta property=\"og:site_name\" content=\"timpetools\" \/>\n<meta property=\"article:modified_time\" content=\"2019-11-27T07:42:11+00:00\" \/>\n<meta name=\"twitter:card\" content=\"summary_large_image\" \/>\n<meta name=\"twitter:label1\" content=\"Estimated reading time\" \/>\n\t<meta name=\"twitter:data1\" content=\"1 minute\" \/>\n<script type=\"application\/ld+json\" class=\"yoast-schema-graph\">{\"@context\":\"https:\/\/schema.org\",\"@graph\":[{\"@type\":\"WebPage\",\"@id\":\"https:\/\/timpetools.de\/individuelle-auftragsprogrammierung\/\",\"url\":\"https:\/\/timpetools.de\/individuelle-auftragsprogrammierung\/\",\"name\":\"Individuelle Auftragsprogrammierung - timpetools\",\"isPartOf\":{\"@id\":\"https:\/\/timpetools.de\/#website\"},\"datePublished\":\"2019-06-18T12:22:01+00:00\",\"dateModified\":\"2019-11-27T07:42:11+00:00\",\"breadcrumb\":{\"@id\":\"https:\/\/timpetools.de\/individuelle-auftragsprogrammierung\/#breadcrumb\"},\"inLanguage\":\"en-GB\",\"potentialAction\":[{\"@type\":\"ReadAction\",\"target\":[\"https:\/\/timpetools.de\/individuelle-auftragsprogrammierung\/\"]}]},{\"@type\":\"BreadcrumbList\",\"@id\":\"https:\/\/timpetools.de\/individuelle-auftragsprogrammierung\/#breadcrumb\",\"itemListElement\":[{\"@type\":\"ListItem\",\"position\":1,\"name\":\"Startseite\",\"item\":\"https:\/\/timpetools.de\/\"},{\"@type\":\"ListItem\",\"position\":2,\"name\":\"Individuelle Auftragsprogrammierung\"}]},{\"@type\":\"WebSite\",\"@id\":\"https:\/\/timpetools.de\/#website\",\"url\":\"https:\/\/timpetools.de\/\",\"name\":\"timpetools\",\"description\":\"software solutions for energy sales and trade\",\"publisher\":{\"@id\":\"https:\/\/timpetools.de\/#organization\"},\"potentialAction\":[{\"@type\":\"SearchAction\",\"target\":{\"@type\":\"EntryPoint\",\"urlTemplate\":\"https:\/\/timpetools.de\/?s={search_term_string}\"},\"query-input\":{\"@type\":\"PropertyValueSpecification\",\"valueRequired\":true,\"valueName\":\"search_term_string\"}}],\"inLanguage\":\"en-GB\"},{\"@type\":\"Organization\",\"@id\":\"https:\/\/timpetools.de\/#organization\",\"name\":\"timpetools GbR\",\"url\":\"https:\/\/timpetools.de\/\",\"logo\":{\"@type\":\"ImageObject\",\"inLanguage\":\"en-GB\",\"@id\":\"https:\/\/timpetools.de\/#\/schema\/logo\/image\/\",\"url\":\"https:\/\/timpetools.de\/wp-content\/uploads\/2019\/06\/favicon.png\",\"contentUrl\":\"https:\/\/timpetools.de\/wp-content\/uploads\/2019\/06\/favicon.png\",\"width\":512,\"height\":512,\"caption\":\"timpetools GbR\"},\"image\":{\"@id\":\"https:\/\/timpetools.de\/#\/schema\/logo\/image\/\"}}]}<\/script>\n<!-- \/ Yoast SEO plugin. -->","yoast_head_json":{"title":"Individuelle Auftragsprogrammierung - timpetools","robots":{"index":"index","follow":"follow","max-snippet":"max-snippet:-1","max-image-preview":"max-image-preview:large","max-video-preview":"max-video-preview:-1"},"canonical":"https:\/\/timpetools.de\/en\/individuelle-auftragsprogrammierung\/","og_locale":"en_GB","og_type":"article","og_title":"Individuelle Auftragsprogrammierung - timpetools","og_description":"Auftragsprogrammierung nach Ihren Anforderungen Individuelle Auftragsprogrammierung bedeutet in den meisten F\u00e4llen: h\u00f6here Kosten als bei einer Standardsoftware. Deswegen sollte man pr\u00fcfen, ob ein bew\u00e4hrtes Standardprodukt die eigenen Prozesse ausreichend abbilden kann. Aber das reicht nicht immer. Insbesondere dann, wenn man sich im Markt abheben m\u00f6chte und spezielle Funktionen ben\u00f6tigt, ist eine individuelle Auftragsprogrammierung die richtige [&hellip;]","og_url":"https:\/\/timpetools.de\/en\/individuelle-auftragsprogrammierung\/","og_site_name":"timpetools","article_modified_time":"2019-11-27T07:42:11+00:00","twitter_card":"summary_large_image","twitter_misc":{"Estimated reading time":"1 minute"},"schema":{"@context":"https:\/\/schema.org","@graph":[{"@type":"WebPage","@id":"https:\/\/timpetools.de\/individuelle-auftragsprogrammierung\/","url":"https:\/\/timpetools.de\/individuelle-auftragsprogrammierung\/","name":"Individuelle Auftragsprogrammierung - timpetools","isPartOf":{"@id":"https:\/\/timpetools.de\/#website"},"datePublished":"2019-06-18T12:22:01+00:00","dateModified":"2019-11-27T07:42:11+00:00","breadcrumb":{"@id":"https:\/\/timpetools.de\/individuelle-auftragsprogrammierung\/#breadcrumb"},"inLanguage":"en-GB","potentialAction":[{"@type":"ReadAction","target":["https:\/\/timpetools.de\/individuelle-auftragsprogrammierung\/"]}]},{"@type":"BreadcrumbList","@id":"https:\/\/timpetools.de\/individuelle-auftragsprogrammierung\/#breadcrumb","itemListElement":[{"@type":"ListItem","position":1,"name":"Startseite","item":"https:\/\/timpetools.de\/"},{"@type":"ListItem","position":2,"name":"Individuelle Auftragsprogrammierung"}]},{"@type":"WebSite","@id":"https:\/\/timpetools.de\/#website","url":"https:\/\/timpetools.de\/","name":"timpetools","description":"software solutions for energy sales and trade","publisher":{"@id":"https:\/\/timpetools.de\/#organization"},"potentialAction":[{"@type":"SearchAction","target":{"@type":"EntryPoint","urlTemplate":"https:\/\/timpetools.de\/?s={search_term_string}"},"query-input":{"@type":"PropertyValueSpecification","valueRequired":true,"valueName":"search_term_string"}}],"inLanguage":"en-GB"},{"@type":"Organization","@id":"https:\/\/timpetools.de\/#organization","name":"timpetools GbR","url":"https:\/\/timpetools.de\/","logo":{"@type":"ImageObject","inLanguage":"en-GB","@id":"https:\/\/timpetools.de\/#\/schema\/logo\/image\/","url":"https:\/\/timpetools.de\/wp-content\/uploads\/2019\/06\/favicon.png","contentUrl":"https:\/\/timpetools.de\/wp-content\/uploads\/2019\/06\/favicon.png","width":512,"height":512,"caption":"timpetools GbR"},"image":{"@id":"https:\/\/timpetools.de\/#\/schema\/logo\/image\/"}}]}},"_links":{"self":[{"href":"https:\/\/timpetools.de\/en\/wp-json\/wp\/v2\/pages\/635","targetHints":{"allow":["GET"]}}],"collection":[{"href":"https:\/\/timpetools.de\/en\/wp-json\/wp\/v2\/pages"}],"about":[{"href":"https:\/\/timpetools.de\/en\/wp-json\/wp\/v2\/types\/page"}],"author":[{"embeddable":true,"href":"https:\/\/timpetools.de\/en\/wp-json\/wp\/v2\/users\/1"}],"replies":[{"embeddable":true,"href":"https:\/\/timpetools.de\/en\/wp-json\/wp\/v2\/comments?post=635"}],"version-history":[{"count":0,"href":"https:\/\/timpetools.de\/en\/wp-json\/wp\/v2\/pages\/635\/revisions"}],"wp:attachment":[{"href":"https:\/\/timpetools.de\/en\/wp-json\/wp\/v2\/media?parent=635"}],"curies":[{"name":"wp","href":"https:\/\/api.w.org\/{rel}","templated":true}]}}