{"id":3024,"date":"2022-05-16T11:10:35","date_gmt":"2022-05-16T09:10:35","guid":{"rendered":"https:\/\/timpetools.de\/kontakt-copy\/"},"modified":"2023-06-05T15:17:20","modified_gmt":"2023-06-05T13:17:20","slug":"emdacs_testzugang","status":"publish","type":"page","link":"https:\/\/timpetools.de\/en\/emdacs_testzugang\/","title":{"rendered":"EMDaCS Testzugang"},"content":{"rendered":"<div data-elementor-type=\"wp-post\" data-elementor-id=\"3024\" class=\"elementor elementor-3024\">\n\t\t\t\t\t\t<section class=\"elementor-section elementor-top-section elementor-element elementor-element-4b9693d elementor-section-height-min-height elementor-section-content-middle elementor-hidden-tablet elementor-hidden-phone elementor-section-boxed elementor-section-height-default elementor-section-items-middle exad-glass-effect-no exad-sticky-section-no\" data-id=\"4b9693d\" data-element_type=\"section\" data-settings=\"{&quot;jet_parallax_layout_list&quot;:[{&quot;jet_parallax_layout_image&quot;:{&quot;url&quot;:&quot;&quot;,&quot;id&quot;:&quot;&quot;,&quot;size&quot;:&quot;&quot;},&quot;_id&quot;:&quot;652ab63&quot;,&quot;jet_parallax_layout_speed&quot;:{&quot;unit&quot;:&quot;%&quot;,&quot;size&quot;:50,&quot;sizes&quot;:[]},&quot;jet_parallax_layout_image_tablet&quot;:{&quot;url&quot;:&quot;&quot;,&quot;id&quot;:&quot;&quot;,&quot;size&quot;:&quot;&quot;},&quot;jet_parallax_layout_image_mobile&quot;:{&quot;url&quot;:&quot;&quot;,&quot;id&quot;:&quot;&quot;,&quot;size&quot;:&quot;&quot;},&quot;jet_parallax_layout_type&quot;:&quot;scroll&quot;,&quot;jet_parallax_layout_direction&quot;:null,&quot;jet_parallax_layout_fx_direction&quot;:null,&quot;jet_parallax_layout_z_index&quot;:&quot;&quot;,&quot;jet_parallax_layout_bg_x&quot;:50,&quot;jet_parallax_layout_bg_x_tablet&quot;:&quot;&quot;,&quot;jet_parallax_layout_bg_x_mobile&quot;:&quot;&quot;,&quot;jet_parallax_layout_bg_y&quot;:50,&quot;jet_parallax_layout_bg_y_tablet&quot;:&quot;&quot;,&quot;jet_parallax_layout_bg_y_mobile&quot;:&quot;&quot;,&quot;jet_parallax_layout_bg_size&quot;:&quot;auto&quot;,&quot;jet_parallax_layout_bg_size_tablet&quot;:&quot;&quot;,&quot;jet_parallax_layout_bg_size_mobile&quot;:&quot;&quot;,&quot;jet_parallax_layout_animation_prop&quot;:&quot;transform&quot;,&quot;jet_parallax_layout_on&quot;:[&quot;desktop&quot;,&quot;tablet&quot;]}],&quot;background_background&quot;:&quot;classic&quot;}\">\n\t\t\t\t\t\t\t<div class=\"elementor-background-overlay\"><\/div>\n\t\t\t\t\t\t\t<div class=\"elementor-container elementor-column-gap-default\">\n\t\t\t\t\t<div class=\"elementor-column elementor-col-100 elementor-top-column elementor-element elementor-element-22ade91 exad-glass-effect-no exad-sticky-section-no\" data-id=\"22ade91\" data-element_type=\"column\">\n\t\t\t<div class=\"elementor-widget-wrap\">\n\t\t\t\t\t\t\t<\/div>\n\t\t<\/div>\n\t\t\t\t\t<\/div>\n\t\t<\/section>\n\t\t\t\t<section class=\"elementor-section elementor-top-section elementor-element elementor-element-d587dd7 elementor-section-boxed elementor-section-height-default elementor-section-height-default exad-glass-effect-no exad-sticky-section-no\" data-id=\"d587dd7\" data-element_type=\"section\" data-settings=\"{&quot;background_background&quot;:&quot;classic&quot;,&quot;jet_parallax_layout_list&quot;:[{&quot;jet_parallax_layout_image&quot;:{&quot;url&quot;:&quot;&quot;,&quot;id&quot;:&quot;&quot;,&quot;size&quot;:&quot;&quot;},&quot;_id&quot;:&quot;ef54c7b&quot;,&quot;jet_parallax_layout_image_tablet&quot;:{&quot;url&quot;:&quot;&quot;,&quot;id&quot;:&quot;&quot;,&quot;size&quot;:&quot;&quot;},&quot;jet_parallax_layout_image_mobile&quot;:{&quot;url&quot;:&quot;&quot;,&quot;id&quot;:&quot;&quot;,&quot;size&quot;:&quot;&quot;},&quot;jet_parallax_layout_speed&quot;:{&quot;unit&quot;:&quot;%&quot;,&quot;size&quot;:50,&quot;sizes&quot;:[]},&quot;jet_parallax_layout_type&quot;:&quot;scroll&quot;,&quot;jet_parallax_layout_direction&quot;:null,&quot;jet_parallax_layout_fx_direction&quot;:null,&quot;jet_parallax_layout_z_index&quot;:&quot;&quot;,&quot;jet_parallax_layout_bg_x&quot;:50,&quot;jet_parallax_layout_bg_x_tablet&quot;:&quot;&quot;,&quot;jet_parallax_layout_bg_x_mobile&quot;:&quot;&quot;,&quot;jet_parallax_layout_bg_y&quot;:50,&quot;jet_parallax_layout_bg_y_tablet&quot;:&quot;&quot;,&quot;jet_parallax_layout_bg_y_mobile&quot;:&quot;&quot;,&quot;jet_parallax_layout_bg_size&quot;:&quot;auto&quot;,&quot;jet_parallax_layout_bg_size_tablet&quot;:&quot;&quot;,&quot;jet_parallax_layout_bg_size_mobile&quot;:&quot;&quot;,&quot;jet_parallax_layout_animation_prop&quot;:&quot;transform&quot;,&quot;jet_parallax_layout_on&quot;:[&quot;desktop&quot;,&quot;tablet&quot;]}]}\">\n\t\t\t\t\t\t<div class=\"elementor-container elementor-column-gap-default\">\n\t\t\t\t\t<div class=\"elementor-column elementor-col-100 elementor-top-column elementor-element elementor-element-e02cfcb exad-glass-effect-no exad-sticky-section-no\" data-id=\"e02cfcb\" data-element_type=\"column\">\n\t\t\t<div class=\"elementor-widget-wrap elementor-element-populated\">\n\t\t\t\t\t\t<section class=\"elementor-section elementor-inner-section elementor-element elementor-element-5b3c1b3 elementor-section-boxed elementor-section-height-default elementor-section-height-default exad-glass-effect-no exad-sticky-section-no\" data-id=\"5b3c1b3\" data-element_type=\"section\" data-settings=\"{&quot;jet_parallax_layout_list&quot;:[{&quot;jet_parallax_layout_image&quot;:{&quot;url&quot;:&quot;&quot;,&quot;id&quot;:&quot;&quot;,&quot;size&quot;:&quot;&quot;},&quot;_id&quot;:&quot;0c51a43&quot;,&quot;jet_parallax_layout_image_tablet&quot;:{&quot;url&quot;:&quot;&quot;,&quot;id&quot;:&quot;&quot;,&quot;size&quot;:&quot;&quot;},&quot;jet_parallax_layout_image_mobile&quot;:{&quot;url&quot;:&quot;&quot;,&quot;id&quot;:&quot;&quot;,&quot;size&quot;:&quot;&quot;},&quot;jet_parallax_layout_speed&quot;:{&quot;unit&quot;:&quot;%&quot;,&quot;size&quot;:50,&quot;sizes&quot;:[]},&quot;jet_parallax_layout_type&quot;:&quot;scroll&quot;,&quot;jet_parallax_layout_direction&quot;:null,&quot;jet_parallax_layout_fx_direction&quot;:null,&quot;jet_parallax_layout_z_index&quot;:&quot;&quot;,&quot;jet_parallax_layout_bg_x&quot;:50,&quot;jet_parallax_layout_bg_x_tablet&quot;:&quot;&quot;,&quot;jet_parallax_layout_bg_x_mobile&quot;:&quot;&quot;,&quot;jet_parallax_layout_bg_y&quot;:50,&quot;jet_parallax_layout_bg_y_tablet&quot;:&quot;&quot;,&quot;jet_parallax_layout_bg_y_mobile&quot;:&quot;&quot;,&quot;jet_parallax_layout_bg_size&quot;:&quot;auto&quot;,&quot;jet_parallax_layout_bg_size_tablet&quot;:&quot;&quot;,&quot;jet_parallax_layout_bg_size_mobile&quot;:&quot;&quot;,&quot;jet_parallax_layout_animation_prop&quot;:&quot;transform&quot;,&quot;jet_parallax_layout_on&quot;:[&quot;desktop&quot;,&quot;tablet&quot;]}]}\">\n\t\t\t\t\t\t<div class=\"elementor-container elementor-column-gap-default\">\n\t\t\t\t\t<div class=\"elementor-column elementor-col-50 elementor-inner-column elementor-element elementor-element-836d97a exad-glass-effect-no exad-sticky-section-no\" data-id=\"836d97a\" data-element_type=\"column\">\n\t\t\t<div class=\"elementor-widget-wrap elementor-element-populated\">\n\t\t\t\t\t\t<div class=\"elementor-element elementor-element-32a190c exad-sticky-section-no exad-glass-effect-no elementor-widget elementor-widget-heading\" data-id=\"32a190c\" data-element_type=\"widget\" data-widget_type=\"heading.default\">\n\t\t\t\t<div class=\"elementor-widget-container\">\n\t\t\t\t\t<h2 class=\"elementor-heading-title elementor-size-default\"><b>You would like to get to know EMDaCS?<b><\/b><\/b><\/h2>\t\t\t\t<\/div>\n\t\t\t\t<\/div>\n\t\t\t\t\t<\/div>\n\t\t<\/div>\n\t\t\t\t<div class=\"elementor-column elementor-col-50 elementor-inner-column elementor-element elementor-element-578c17b exad-glass-effect-no exad-sticky-section-no\" data-id=\"578c17b\" data-element_type=\"column\">\n\t\t\t<div class=\"elementor-widget-wrap elementor-element-populated\">\n\t\t\t\t\t\t<div class=\"elementor-element elementor-element-26e1b03 exad-sticky-section-no exad-glass-effect-no elementor-widget elementor-widget-image\" data-id=\"26e1b03\" data-element_type=\"widget\" data-widget_type=\"image.default\">\n\t\t\t\t<div class=\"elementor-widget-container\">\n\t\t\t\t\t\t\t\t\t\t\t\t\t\t\t<img decoding=\"async\" width=\"150\" height=\"150\" src=\"https:\/\/timpetools.de\/wp-content\/uploads\/2022\/07\/EMDaCS_Logo_512-150x150.png\" class=\"attachment-thumbnail size-thumbnail wp-image-4219\" alt=\"\" srcset=\"https:\/\/timpetools.de\/wp-content\/uploads\/2022\/07\/EMDaCS_Logo_512-150x150.png 150w, https:\/\/timpetools.de\/wp-content\/uploads\/2022\/07\/EMDaCS_Logo_512-300x300.png 300w, https:\/\/timpetools.de\/wp-content\/uploads\/2022\/07\/EMDaCS_Logo_512.png 512w\" sizes=\"(max-width: 150px) 100vw, 150px\" \/>\t\t\t\t\t\t\t\t\t\t\t\t\t\t\t<\/div>\n\t\t\t\t<\/div>\n\t\t\t\t\t<\/div>\n\t\t<\/div>\n\t\t\t\t\t<\/div>\n\t\t<\/section>\n\t\t\t\t\t<\/div>\n\t\t<\/div>\n\t\t\t\t\t<\/div>\n\t\t<\/section>\n\t\t\t\t<section class=\"elementor-section elementor-top-section elementor-element elementor-element-e93f1fe elementor-section-boxed elementor-section-height-default elementor-section-height-default exad-glass-effect-no exad-sticky-section-no\" data-id=\"e93f1fe\" data-element_type=\"section\" data-settings=\"{&quot;background_background&quot;:&quot;classic&quot;,&quot;jet_parallax_layout_list&quot;:[{&quot;jet_parallax_layout_image&quot;:{&quot;url&quot;:&quot;&quot;,&quot;id&quot;:&quot;&quot;,&quot;size&quot;:&quot;&quot;},&quot;_id&quot;:&quot;51759b5&quot;,&quot;jet_parallax_layout_image_tablet&quot;:{&quot;url&quot;:&quot;&quot;,&quot;id&quot;:&quot;&quot;,&quot;size&quot;:&quot;&quot;},&quot;jet_parallax_layout_image_mobile&quot;:{&quot;url&quot;:&quot;&quot;,&quot;id&quot;:&quot;&quot;,&quot;size&quot;:&quot;&quot;},&quot;jet_parallax_layout_speed&quot;:{&quot;unit&quot;:&quot;%&quot;,&quot;size&quot;:50,&quot;sizes&quot;:[]},&quot;jet_parallax_layout_type&quot;:&quot;scroll&quot;,&quot;jet_parallax_layout_direction&quot;:null,&quot;jet_parallax_layout_fx_direction&quot;:null,&quot;jet_parallax_layout_z_index&quot;:&quot;&quot;,&quot;jet_parallax_layout_bg_x&quot;:50,&quot;jet_parallax_layout_bg_x_tablet&quot;:&quot;&quot;,&quot;jet_parallax_layout_bg_x_mobile&quot;:&quot;&quot;,&quot;jet_parallax_layout_bg_y&quot;:50,&quot;jet_parallax_layout_bg_y_tablet&quot;:&quot;&quot;,&quot;jet_parallax_layout_bg_y_mobile&quot;:&quot;&quot;,&quot;jet_parallax_layout_bg_size&quot;:&quot;auto&quot;,&quot;jet_parallax_layout_bg_size_tablet&quot;:&quot;&quot;,&quot;jet_parallax_layout_bg_size_mobile&quot;:&quot;&quot;,&quot;jet_parallax_layout_animation_prop&quot;:&quot;transform&quot;,&quot;jet_parallax_layout_on&quot;:[&quot;desktop&quot;,&quot;tablet&quot;]}]}\">\n\t\t\t\t\t\t<div class=\"elementor-container elementor-column-gap-default\">\n\t\t\t\t\t<div class=\"elementor-column elementor-col-100 elementor-top-column elementor-element elementor-element-048e4f2 exad-glass-effect-no exad-sticky-section-no\" data-id=\"048e4f2\" data-element_type=\"column\" data-settings=\"{&quot;background_background&quot;:&quot;classic&quot;}\">\n\t\t\t<div class=\"elementor-widget-wrap elementor-element-populated\">\n\t\t\t\t\t\t<div class=\"elementor-element elementor-element-64a504e exad-sticky-section-no exad-glass-effect-no elementor-widget elementor-widget-text-editor\" data-id=\"64a504e\" data-element_type=\"widget\" data-widget_type=\"text-editor.default\">\n\t\t\t\t<div class=\"elementor-widget-container\">\n\t\t\t\t\t\t\t\t\t<h2><b>Register and automatically receive a trial version for 14 days!\u00a0<\/b><\/h2>\t\t\t\t\t\t\t\t<\/div>\n\t\t\t\t<\/div>\n\t\t\t\t<div class=\"elementor-element elementor-element-d68e6d6 exad-sticky-section-no exad-glass-effect-no elementor-widget elementor-widget-text-editor\" data-id=\"d68e6d6\" data-element_type=\"widget\" data-widget_type=\"text-editor.default\">\n\t\t\t\t<div class=\"elementor-widget-container\">\n\t\t\t\t\t\t\t\t\t<p><strong>You can test EMDaCS for 14 days without any obligation. Installation is not necessary for this. Simply request access data and off you go.<\/strong><\/p><p><strong>Please send us your e-mail address so that we can register you as a test customer in the system. At the same time, you allow us to send you product information about EMDaCS.<\/strong><\/p><p><strong>As soon as your data is stored in the system, you will receive a welcome message by e-mail with your password.<\/strong><\/p>\t\t\t\t\t\t\t\t<\/div>\n\t\t\t\t<\/div>\n\t\t\t\t<div class=\"elementor-element elementor-element-0b25a08 exad-sticky-section-no exad-glass-effect-no elementor-widget elementor-widget-wpforms\" data-id=\"0b25a08\" data-element_type=\"widget\" data-widget_type=\"wpforms.default\">\n\t\t\t\t<div class=\"elementor-widget-container\">\n\t\t\t\t\t<div class=\"wpforms-container wpforms-container-full\" id=\"wpforms-4174\"><form id=\"wpforms-form-4174\" class=\"wpforms-validate wpforms-form\" data-formid=\"4174\" method=\"post\" enctype=\"multipart\/form-data\" action=\"\/en\/wp-json\/wp\/v2\/pages\/3024\" data-token=\"75ea05bab8d5c291e0f3661ee5895fad\" data-token-time=\"1775906502\" data-trp-original-action=\"\/en\/wp-json\/wp\/v2\/pages\/3024\"><noscript class=\"wpforms-error-noscript\">Please enable JavaScript in your browser to complete this form.<\/noscript><div class=\"wpforms-field-container\"><div id=\"wpforms-4174-field_1-container\" class=\"wpforms-field wpforms-field-checkbox\" data-field-id=\"1\"><label class=\"wpforms-field-label\">Trial version desired for <span class=\"wpforms-required-label\">*<\/span><\/label><ul id=\"wpforms-4174-field_1\" class=\"wpforms-field-required\" data-choice-limit=\"1\"><li class=\"choice-1 depth-1\"><input type=\"checkbox\" id=\"wpforms-4174-field_1_1\" data-rule-check-limit=\"true\" name=\"wpforms[fields][1][]\" value=\"Industriekunde\" required><label class=\"wpforms-field-label-inline\" for=\"wpforms-4174-field_1_1\">Industrial customer<\/label><\/li><li class=\"choice-2 depth-1\"><input type=\"checkbox\" id=\"wpforms-4174-field_1_2\" data-rule-check-limit=\"true\" name=\"wpforms[fields][1][]\" value=\"Lieferant\" required><label class=\"wpforms-field-label-inline\" for=\"wpforms-4174-field_1_2\">Supplier<\/label><\/li><\/ul><\/div><div id=\"wpforms-4174-field_4-container\" class=\"wpforms-field wpforms-field-text\" data-field-id=\"4\"><label class=\"wpforms-field-label\" for=\"wpforms-4174-field_4\">Company <span class=\"wpforms-required-label\">*<\/span><\/label><input type=\"text\" id=\"wpforms-4174-field_4\" class=\"wpforms-field-large wpforms-field-required\" name=\"wpforms[fields][4]\" required><\/div><div id=\"wpforms-4174-field_2-container\" class=\"wpforms-field wpforms-field-name\" data-field-id=\"2\"><label class=\"wpforms-field-label\" for=\"wpforms-4174-field_2\">First name <span class=\"wpforms-required-label\">*<\/span><\/label><input type=\"text\" id=\"wpforms-4174-field_2\" class=\"wpforms-field-large wpforms-field-required\" name=\"wpforms[fields][2]\" required><\/div><div id=\"wpforms-4174-field_5-container\" class=\"wpforms-field wpforms-field-name\" data-field-id=\"5\"><label class=\"wpforms-field-label\" for=\"wpforms-4174-field_5\">Last name <span class=\"wpforms-required-label\">*<\/span><\/label><input type=\"text\" id=\"wpforms-4174-field_5\" class=\"wpforms-field-large wpforms-field-required\" name=\"wpforms[fields][5]\" required><\/div><div id=\"wpforms-4174-field_3-container\" class=\"wpforms-field wpforms-field-email\" data-field-id=\"3\"><label class=\"wpforms-field-label\">E-mail <span class=\"wpforms-required-label\">*<\/span><\/label><div class=\"wpforms-field-row wpforms-field-large\"><div class=\"wpforms-field-row-block wpforms-one-half wpforms-first\"><input type=\"email\" id=\"wpforms-4174-field_3\" class=\"wpforms-field-required wpforms-field-email-primary\" name=\"wpforms[fields][3][primary]\" spellcheck=\"false\" required><label for=\"wpforms-4174-field_3\" class=\"wpforms-field-sublabel after\">Email<\/label><\/div><div class=\"wpforms-field-row-block wpforms-one-half\"><input type=\"email\" id=\"wpforms-4174-field_3-secondary\" class=\"wpforms-field-email-secondary wpforms-field-required\" data-rule-confirm=\"#wpforms-4174-field_3\" name=\"wpforms[fields][3][secondary]\" spellcheck=\"false\" required><label for=\"wpforms-4174-field_3-secondary\" class=\"wpforms-field-sublabel after\">Confirm Email<\/label><\/div><\/div><\/div><\/div><!-- .wpforms-field-container --><div class=\"wpforms-recaptcha-container wpforms-is-turnstile\" ><div class=\"g-recaptcha\" data-sitekey=\"0x4AAAAAAAGphn9k8KNJhMuQ\" data-action=\"FormID-4174\"><\/div><input type=\"text\" name=\"g-recaptcha-hidden\" class=\"wpforms-recaptcha-hidden\" style=\"position:absolute!important;clip:rect(0,0,0,0)!important;height:1px!important;width:1px!important;border:0!important;overflow:hidden!important;padding:0!important;margin:0!important;\" data-rule-turnstile=\"1\"><\/div><div class=\"wpforms-submit-container\" ><input type=\"hidden\" name=\"wpforms[id]\" value=\"4174\"><input type=\"hidden\" name=\"page_title\" value=\"\"><input type=\"hidden\" name=\"page_url\" value=\"https:\/\/timpetools.de\/en\/wp-json\/wp\/v2\/pages\/3024\"><input type=\"hidden\" name=\"url_referer\" value=\"\"><button type=\"submit\" name=\"wpforms[submit]\" id=\"wpforms-submit-4174\" class=\"wpforms-submit my-submit-button-emdacs\" data-alt-text=\"Senden\u2026\" data-submit-text=\"Testversion bestellen\" aria-live=\"assertive\" value=\"wpforms-submit\">Order trial version<\/button><\/div><input type=\"hidden\" name=\"trp-form-language\" value=\"en\"\/><\/form><\/div>  <!-- .wpforms-container -->\t\t\t\t<\/div>\n\t\t\t\t<\/div>\n\t\t\t\t\t<\/div>\n\t\t<\/div>\n\t\t\t\t\t<\/div>\n\t\t<\/section>\n\t\t\t\t<\/div>","protected":false},"excerpt":{"rendered":"<p>Sie m\u00f6chten EMDaCS kennenlernen? Registrieren Sie sich und erhalten automatisch eine Testversion f\u00fcr 14 Tage!\u00a0 Sie k\u00f6nnen EMDaCS v\u00f6llig unverbindlich 14 Tage lang testen. Eine Installation ist hierf\u00fcr nicht notwendig. Einfach Zugangsdaten anfordern und schon geht&#8217;s los. Bitte lassen Sie uns hierzu Ihre E-Mailadresse zukommen, damit wir Sie als Testkunde im System hinterlegen k\u00f6nnen. Gleichzeitig [&hellip;]<\/p>","protected":false},"author":1,"featured_media":0,"parent":0,"menu_order":0,"comment_status":"closed","ping_status":"closed","template":"elementor_header_footer","meta":{"_acf_changed":false,"footnotes":""},"class_list":["post-3024","page","type-page","status-publish","hentry"],"acf":[],"yoast_head":"<!-- This site is optimized with the Yoast SEO plugin v25.7 - https:\/\/yoast.com\/wordpress\/plugins\/seo\/ -->\n<title>EMDaCS Testzugang - timpetools<\/title>\n<meta name=\"robots\" content=\"index, follow, max-snippet:-1, max-image-preview:large, max-video-preview:-1\" \/>\n<link rel=\"canonical\" href=\"https:\/\/timpetools.de\/en\/emdacs_testzugang\/\" \/>\n<meta property=\"og:locale\" content=\"en_GB\" \/>\n<meta property=\"og:type\" content=\"article\" \/>\n<meta property=\"og:title\" content=\"EMDaCS Testzugang - timpetools\" \/>\n<meta property=\"og:description\" content=\"Sie m\u00f6chten EMDaCS kennenlernen? Registrieren Sie sich und erhalten automatisch eine Testversion f\u00fcr 14 Tage!\u00a0 Sie k\u00f6nnen EMDaCS v\u00f6llig unverbindlich 14 Tage lang testen. Eine Installation ist hierf\u00fcr nicht notwendig. Einfach Zugangsdaten anfordern und schon geht&#8217;s los. Bitte lassen Sie uns hierzu Ihre E-Mailadresse zukommen, damit wir Sie als Testkunde im System hinterlegen k\u00f6nnen. Gleichzeitig [&hellip;]\" \/>\n<meta property=\"og:url\" content=\"https:\/\/timpetools.de\/en\/emdacs_testzugang\/\" \/>\n<meta property=\"og:site_name\" content=\"timpetools\" \/>\n<meta property=\"article:modified_time\" content=\"2023-06-05T13:17:20+00:00\" \/>\n<meta property=\"og:image\" content=\"https:\/\/timpetools.de\/wp-content\/uploads\/2022\/07\/EMDaCS_Logo_512-150x150.png\" \/>\n<meta name=\"twitter:card\" content=\"summary_large_image\" \/>\n<meta name=\"twitter:label1\" content=\"Estimated reading time\" \/>\n\t<meta name=\"twitter:data1\" content=\"1 minute\" \/>\n<script type=\"application\/ld+json\" class=\"yoast-schema-graph\">{\"@context\":\"https:\/\/schema.org\",\"@graph\":[{\"@type\":\"WebPage\",\"@id\":\"https:\/\/timpetools.de\/emdacs_testzugang\/\",\"url\":\"https:\/\/timpetools.de\/emdacs_testzugang\/\",\"name\":\"EMDaCS Testzugang - timpetools\",\"isPartOf\":{\"@id\":\"https:\/\/timpetools.de\/#website\"},\"primaryImageOfPage\":{\"@id\":\"https:\/\/timpetools.de\/emdacs_testzugang\/#primaryimage\"},\"image\":{\"@id\":\"https:\/\/timpetools.de\/emdacs_testzugang\/#primaryimage\"},\"thumbnailUrl\":\"https:\/\/timpetools.de\/wp-content\/uploads\/2022\/07\/EMDaCS_Logo_512-150x150.png\",\"datePublished\":\"2022-05-16T09:10:35+00:00\",\"dateModified\":\"2023-06-05T13:17:20+00:00\",\"breadcrumb\":{\"@id\":\"https:\/\/timpetools.de\/emdacs_testzugang\/#breadcrumb\"},\"inLanguage\":\"en-GB\",\"potentialAction\":[{\"@type\":\"ReadAction\",\"target\":[\"https:\/\/timpetools.de\/emdacs_testzugang\/\"]}]},{\"@type\":\"ImageObject\",\"inLanguage\":\"en-GB\",\"@id\":\"https:\/\/timpetools.de\/emdacs_testzugang\/#primaryimage\",\"url\":\"https:\/\/timpetools.de\/wp-content\/uploads\/2022\/07\/EMDaCS_Logo_512-150x150.png\",\"contentUrl\":\"https:\/\/timpetools.de\/wp-content\/uploads\/2022\/07\/EMDaCS_Logo_512-150x150.png\"},{\"@type\":\"BreadcrumbList\",\"@id\":\"https:\/\/timpetools.de\/emdacs_testzugang\/#breadcrumb\",\"itemListElement\":[{\"@type\":\"ListItem\",\"position\":1,\"name\":\"Startseite\",\"item\":\"https:\/\/timpetools.de\/\"},{\"@type\":\"ListItem\",\"position\":2,\"name\":\"EMDaCS Testzugang\"}]},{\"@type\":\"WebSite\",\"@id\":\"https:\/\/timpetools.de\/#website\",\"url\":\"https:\/\/timpetools.de\/\",\"name\":\"timpetools\",\"description\":\"software solutions for energy sales and trade\",\"publisher\":{\"@id\":\"https:\/\/timpetools.de\/#organization\"},\"potentialAction\":[{\"@type\":\"SearchAction\",\"target\":{\"@type\":\"EntryPoint\",\"urlTemplate\":\"https:\/\/timpetools.de\/?s={search_term_string}\"},\"query-input\":{\"@type\":\"PropertyValueSpecification\",\"valueRequired\":true,\"valueName\":\"search_term_string\"}}],\"inLanguage\":\"en-GB\"},{\"@type\":\"Organization\",\"@id\":\"https:\/\/timpetools.de\/#organization\",\"name\":\"timpetools GbR\",\"url\":\"https:\/\/timpetools.de\/\",\"logo\":{\"@type\":\"ImageObject\",\"inLanguage\":\"en-GB\",\"@id\":\"https:\/\/timpetools.de\/#\/schema\/logo\/image\/\",\"url\":\"https:\/\/timpetools.de\/wp-content\/uploads\/2019\/06\/favicon.png\",\"contentUrl\":\"https:\/\/timpetools.de\/wp-content\/uploads\/2019\/06\/favicon.png\",\"width\":512,\"height\":512,\"caption\":\"timpetools GbR\"},\"image\":{\"@id\":\"https:\/\/timpetools.de\/#\/schema\/logo\/image\/\"}}]}<\/script>\n<!-- \/ Yoast SEO plugin. -->","yoast_head_json":{"title":"EMDaCS Testzugang - timpetools","robots":{"index":"index","follow":"follow","max-snippet":"max-snippet:-1","max-image-preview":"max-image-preview:large","max-video-preview":"max-video-preview:-1"},"canonical":"https:\/\/timpetools.de\/en\/emdacs_testzugang\/","og_locale":"en_GB","og_type":"article","og_title":"EMDaCS Testzugang - timpetools","og_description":"Sie m\u00f6chten EMDaCS kennenlernen? Registrieren Sie sich und erhalten automatisch eine Testversion f\u00fcr 14 Tage!\u00a0 Sie k\u00f6nnen EMDaCS v\u00f6llig unverbindlich 14 Tage lang testen. Eine Installation ist hierf\u00fcr nicht notwendig. Einfach Zugangsdaten anfordern und schon geht&#8217;s los. Bitte lassen Sie uns hierzu Ihre E-Mailadresse zukommen, damit wir Sie als Testkunde im System hinterlegen k\u00f6nnen. Gleichzeitig [&hellip;]","og_url":"https:\/\/timpetools.de\/en\/emdacs_testzugang\/","og_site_name":"timpetools","article_modified_time":"2023-06-05T13:17:20+00:00","og_image":[{"url":"https:\/\/timpetools.de\/wp-content\/uploads\/2022\/07\/EMDaCS_Logo_512-150x150.png","type":"","width":"","height":""}],"twitter_card":"summary_large_image","twitter_misc":{"Estimated reading time":"1 minute"},"schema":{"@context":"https:\/\/schema.org","@graph":[{"@type":"WebPage","@id":"https:\/\/timpetools.de\/emdacs_testzugang\/","url":"https:\/\/timpetools.de\/emdacs_testzugang\/","name":"EMDaCS Testzugang - timpetools","isPartOf":{"@id":"https:\/\/timpetools.de\/#website"},"primaryImageOfPage":{"@id":"https:\/\/timpetools.de\/emdacs_testzugang\/#primaryimage"},"image":{"@id":"https:\/\/timpetools.de\/emdacs_testzugang\/#primaryimage"},"thumbnailUrl":"https:\/\/timpetools.de\/wp-content\/uploads\/2022\/07\/EMDaCS_Logo_512-150x150.png","datePublished":"2022-05-16T09:10:35+00:00","dateModified":"2023-06-05T13:17:20+00:00","breadcrumb":{"@id":"https:\/\/timpetools.de\/emdacs_testzugang\/#breadcrumb"},"inLanguage":"en-GB","potentialAction":[{"@type":"ReadAction","target":["https:\/\/timpetools.de\/emdacs_testzugang\/"]}]},{"@type":"ImageObject","inLanguage":"en-GB","@id":"https:\/\/timpetools.de\/emdacs_testzugang\/#primaryimage","url":"https:\/\/timpetools.de\/wp-content\/uploads\/2022\/07\/EMDaCS_Logo_512-150x150.png","contentUrl":"https:\/\/timpetools.de\/wp-content\/uploads\/2022\/07\/EMDaCS_Logo_512-150x150.png"},{"@type":"BreadcrumbList","@id":"https:\/\/timpetools.de\/emdacs_testzugang\/#breadcrumb","itemListElement":[{"@type":"ListItem","position":1,"name":"Startseite","item":"https:\/\/timpetools.de\/"},{"@type":"ListItem","position":2,"name":"EMDaCS Testzugang"}]},{"@type":"WebSite","@id":"https:\/\/timpetools.de\/#website","url":"https:\/\/timpetools.de\/","name":"timpetools","description":"software solutions for energy sales and trade","publisher":{"@id":"https:\/\/timpetools.de\/#organization"},"potentialAction":[{"@type":"SearchAction","target":{"@type":"EntryPoint","urlTemplate":"https:\/\/timpetools.de\/?s={search_term_string}"},"query-input":{"@type":"PropertyValueSpecification","valueRequired":true,"valueName":"search_term_string"}}],"inLanguage":"en-GB"},{"@type":"Organization","@id":"https:\/\/timpetools.de\/#organization","name":"timpetools GbR","url":"https:\/\/timpetools.de\/","logo":{"@type":"ImageObject","inLanguage":"en-GB","@id":"https:\/\/timpetools.de\/#\/schema\/logo\/image\/","url":"https:\/\/timpetools.de\/wp-content\/uploads\/2019\/06\/favicon.png","contentUrl":"https:\/\/timpetools.de\/wp-content\/uploads\/2019\/06\/favicon.png","width":512,"height":512,"caption":"timpetools GbR"},"image":{"@id":"https:\/\/timpetools.de\/#\/schema\/logo\/image\/"}}]}},"_links":{"self":[{"href":"https:\/\/timpetools.de\/en\/wp-json\/wp\/v2\/pages\/3024","targetHints":{"allow":["GET"]}}],"collection":[{"href":"https:\/\/timpetools.de\/en\/wp-json\/wp\/v2\/pages"}],"about":[{"href":"https:\/\/timpetools.de\/en\/wp-json\/wp\/v2\/types\/page"}],"author":[{"embeddable":true,"href":"https:\/\/timpetools.de\/en\/wp-json\/wp\/v2\/users\/1"}],"replies":[{"embeddable":true,"href":"https:\/\/timpetools.de\/en\/wp-json\/wp\/v2\/comments?post=3024"}],"version-history":[{"count":0,"href":"https:\/\/timpetools.de\/en\/wp-json\/wp\/v2\/pages\/3024\/revisions"}],"wp:attachment":[{"href":"https:\/\/timpetools.de\/en\/wp-json\/wp\/v2\/media?parent=3024"}],"curies":[{"name":"wp","href":"https:\/\/api.w.org\/{rel}","templated":true}]}}